{"id":1551,"date":"2020-05-11T19:13:45","date_gmt":"2020-05-12T00:13:45","guid":{"rendered":"http:\/\/www.ademinsa.com\/aulavirtual\/?page_id=1551"},"modified":"2020-05-27T13:46:16","modified_gmt":"2020-05-27T18:46:16","slug":"libro-de-reclamaciones","status":"publish","type":"page","link":"https:\/\/ademinsa.com\/aulavirtual\/libro-de-reclamaciones\/","title":{"rendered":"Libro de Reclamaciones"},"content":{"rendered":"\n                <div class='gf_browser_gecko gform_wrapper' id='gform_wrapper_1' ><div id='gf_1' class='gform_anchor' tabindex='-1'><\/div><form method='post' enctype='multipart\/form-data' target='gform_ajax_frame_1' id='gform_1'  action='\/aulavirtual\/wp-json\/wp\/v2\/pages\/1551#gf_1'>\n                        <div class='gform_heading'>\n                            <h3 class='gform_title'>Libro de Reclamaciones<\/h3>\n                            <span class='gform_description'><\/span>\n                        <\/div>\n                        <div class='gform_body'><ul id='gform_fields_1' class='gform_fields top_label form_sublabel_below description_below'><li id='field_1_1'  class='gfield gfield_html gfield_html_formatted gfield_no_follows_desc field_sublabel_below field_description_below gfield_visibility_visible' ><h3>Datos Personales<\/h3><\/li><li id='field_1_2'  class='gfield gf_left_half gfield_contains_required field_sublabel_below field_description_below gfield_visibility_visible' ><label class='gfield_label' for='input_1_2' >Nombre<span class='gfield_required'>*<\/span><\/label><div class='ginput_container ginput_container_text'><input name='input_2' id='input_1_2' type='text' value='' class='large'     aria-required=\"true\" aria-invalid=\"false\" \/><\/div><\/li><li id='field_1_3'  class='gfield gf_right_half gfield_contains_required field_sublabel_below field_description_below gfield_visibility_visible' ><label class='gfield_label' for='input_1_3' >Apellidos<span class='gfield_required'>*<\/span><\/label><div class='ginput_container ginput_container_text'><input name='input_3' id='input_1_3' type='text' value='' class='large'     aria-required=\"true\" aria-invalid=\"false\" \/><\/div><\/li><li id='field_1_6'  class='gfield gf_left_half gfield_contains_required field_sublabel_below field_description_below gfield_visibility_visible' ><label class='gfield_label' for='input_1_6' >Tipo de documento<span class='gfield_required'>*<\/span><\/label><div class='ginput_container ginput_container_select'><select name='input_6' id='input_1_6' class='large gfield_select'   aria-required=\"true\" aria-invalid=\"false\"><option value='L.E \/ DNI' >L.E \/ DNI<\/option><option value='C. Extranjeria' >C. Extranjeria<\/option><option value='Otro' >Otro<\/option><\/select><\/div><\/li><li id='field_1_7'  class='gfield gf_right_half gfield_contains_required field_sublabel_below field_description_below gfield_visibility_visible' ><label class='gfield_label' for='input_1_7' >N\u00ba de Documento<span class='gfield_required'>*<\/span><\/label><div class='ginput_container ginput_container_text'><input name='input_7' id='input_1_7' type='text' value='' class='large'     aria-required=\"true\" aria-invalid=\"false\" \/><\/div><\/li><li id='field_1_8'  class='gfield gf_left_half gfield_contains_required field_sublabel_below field_description_below gfield_visibility_visible' ><label class='gfield_label' for='input_1_8' >Tipo de Tel\u00e9fono<span class='gfield_required'>*<\/span><\/label><div class='ginput_container ginput_container_select'><select name='input_8' id='input_1_8' class='large gfield_select'   aria-required=\"true\" aria-invalid=\"false\"><option value='Casa' >Casa<\/option><option value='Celular' >Celular<\/option><option value='Oficina' >Oficina<\/option><\/select><\/div><\/li><li id='field_1_9'  class='gfield gf_right_half gfield_contains_required field_sublabel_below field_description_below gfield_visibility_visible' ><label class='gfield_label' for='input_1_9' >N\u00famero<span class='gfield_required'>*<\/span><\/label><div class='ginput_container ginput_container_text'><input name='input_9' id='input_1_9' type='text' value='' class='large'     aria-required=\"true\" aria-invalid=\"false\" \/><\/div><\/li><li id='field_1_10'  class='gfield gf_left_half gfield_contains_required field_sublabel_below field_description_below gfield_visibility_visible' ><label class='gfield_label' for='input_1_10' >E-mail<span class='gfield_required'>*<\/span><\/label><div class='ginput_container ginput_container_email'>\n                            <input name='input_10' id='input_1_10' type='text' value='' class='large'    aria-required=\"true\" aria-invalid=\"false\" \/>\n                        <\/div><\/li><li id='field_1_11'  class='gfield gf_right_half gfield_contains_required field_sublabel_below field_description_below gfield_visibility_visible' ><label class='gfield_label' for='input_1_11' >Direcci\u00f3n<span class='gfield_required'>*<\/span><\/label><div class='ginput_container ginput_container_text'><input name='input_11' id='input_1_11' type='text' value='' class='large'     aria-required=\"true\" aria-invalid=\"false\" \/><\/div><\/li><li id='field_1_12'  class='gfield gf_left_half gfield_contains_required field_sublabel_below field_description_below gfield_visibility_visible' ><label class='gfield_label' for='input_1_12' >Provincia<span class='gfield_required'>*<\/span><\/label><div class='ginput_container ginput_container_text'><input name='input_12' id='input_1_12' type='text' value='' class='large'     aria-required=\"true\" aria-invalid=\"false\" \/><\/div><\/li><li id='field_1_13'  class='gfield gf_right_half gfield_contains_required field_sublabel_below field_description_below gfield_visibility_visible' ><label class='gfield_label' for='input_1_13' >Distrito<span class='gfield_required'>*<\/span><\/label><div class='ginput_container ginput_container_text'><input name='input_13' id='input_1_13' type='text' value='' class='large'     aria-required=\"true\" aria-invalid=\"false\" \/><\/div><\/li><li id='field_1_14'  class='gfield gfield_html gfield_html_formatted gfield_no_follows_desc field_sublabel_below field_description_below gfield_visibility_visible' ><h3>Datos del padre, madre o representante (Para el caso de menores de edad)<\/h3><\/li><li id='field_1_15'  class='gfield gf_left_half field_sublabel_below field_description_below gfield_visibility_visible' ><label class='gfield_label' for='input_1_15' >Nombre (padre)<\/label><div class='ginput_container ginput_container_text'><input name='input_15' id='input_1_15' type='text' value='' class='large'      aria-invalid=\"false\" \/><\/div><\/li><li id='field_1_16'  class='gfield gf_right_half field_sublabel_below field_description_below gfield_visibility_visible' ><label class='gfield_label' for='input_1_16' >Apellidos (padre)<\/label><div class='ginput_container ginput_container_text'><input name='input_16' id='input_1_16' type='text' value='' class='large'      aria-invalid=\"false\" \/><\/div><\/li><li id='field_1_28'  class='gfield gf_left_half field_sublabel_below field_description_above gfield_visibility_visible' ><label class='gfield_label' for='input_1_28' >Tipo de documento (padre)<\/label><div class='ginput_container ginput_container_select'><select name='input_28' id='input_1_28' class='large gfield_select'    aria-invalid=\"false\"><option value='L.E \/ DNI' >L.E \/ DNI<\/option><option value='C. Extranjeria' >C. Extranjeria<\/option><option value='Otro' >Otro<\/option><\/select><\/div><\/li><li id='field_1_18'  class='gfield gf_left_half field_sublabel_below field_description_below gfield_visibility_visible' ><label class='gfield_label' for='input_1_18' >Tipo de Tel\u00e9fono (padre)<\/label><div class='ginput_container ginput_container_select'><select name='input_18' id='input_1_18' class='large gfield_select'    aria-invalid=\"false\"><option value='Casa' >Casa<\/option><option value='Celular' >Celular<\/option><option value='Oficina' >Oficina<\/option><\/select><\/div><\/li><li id='field_1_19'  class='gfield gf_right_half field_sublabel_below field_description_below gfield_visibility_visible' ><label class='gfield_label' for='input_1_19' >N\u00famero (padre)<\/label><div class='ginput_container ginput_container_text'><input name='input_19' id='input_1_19' type='text' value='' class='large'      aria-invalid=\"false\" \/><\/div><\/li><li id='field_1_20'  class='gfield gf_left_half field_sublabel_below field_description_below gfield_visibility_visible' ><label class='gfield_label' for='input_1_20' >E-mail (padre)<\/label><div class='ginput_container ginput_container_email'>\n                            <input name='input_20' id='input_1_20' type='text' value='' class='large'     aria-invalid=\"false\" \/>\n                        <\/div><\/li><li id='field_1_21'  class='gfield gf_right_half field_sublabel_below field_description_below gfield_visibility_visible' ><label class='gfield_label' for='input_1_21' >Direcci\u00f3n (padre)<\/label><div class='ginput_container ginput_container_text'><input name='input_21' id='input_1_21' type='text' value='' class='large'      aria-invalid=\"false\" \/><\/div><\/li><li id='field_1_22'  class='gfield gf_left_half field_sublabel_below field_description_below gfield_visibility_visible' ><label class='gfield_label' for='input_1_22' >Provincia (padre)<\/label><div class='ginput_container ginput_container_text'><input name='input_22' id='input_1_22' type='text' value='' class='large'      aria-invalid=\"false\" \/><\/div><\/li><li id='field_1_23'  class='gfield gf_right_half field_sublabel_below field_description_below gfield_visibility_visible' ><label class='gfield_label' for='input_1_23' >Distrito (padre)<\/label><div class='ginput_container ginput_container_text'><input name='input_23' id='input_1_23' type='text' value='' class='large'      aria-invalid=\"false\" \/><\/div><\/li><li id='field_1_24'  class='gfield gfield_html gfield_html_formatted gfield_no_follows_desc field_sublabel_below field_description_below gfield_visibility_visible' ><h3>Referencias y Detalle<\/h3><\/li><li id='field_1_25'  class='gfield gfield_contains_required field_sublabel_below field_description_below gfield_visibility_visible' ><label class='gfield_label' for='input_1_25' >Tipo de Reclamaci\u00f3n<span class='gfield_required'>*<\/span><\/label><div class='ginput_container ginput_container_select'><select name='input_25' id='input_1_25' class='large gfield_select'   aria-required=\"true\" aria-invalid=\"false\"><option value='Queja' >Queja<\/option><option value='Reclamo' >Reclamo<\/option><\/select><\/div><\/li><li id='field_1_26'  class='gfield gfield_contains_required field_sublabel_below field_description_below gfield_visibility_visible' ><label class='gfield_label' for='input_1_26' >Det\u00e1llenos su Reclamaci\u00f3n<span class='gfield_required'>*<\/span><\/label><div class='ginput_container ginput_container_textarea'><textarea name='input_26' id='input_1_26' class='textarea large'     aria-required=\"true\" aria-invalid=\"false\"   rows='10' cols='50'><\/textarea><\/div><\/li><li id='field_1_27'  class='gfield gfield_contains_required field_sublabel_below field_description_below gfield_visibility_visible' ><label class='gfield_label'  ><span class='gfield_required'>*<\/span><\/label><div class='ginput_container ginput_container_checkbox'><ul class='gfield_checkbox' id='input_1_27'><li class='gchoice_1_27_1'>\n\t\t\t\t\t\t\t\t<input name='input_27.1' type='checkbox'  value='Acepto el &lt;a href=&quot;#&quot;&gt;Aviso de Privacidad&lt;\/a&gt; y declaro que la informaci\u00f3n consignada en el formulario es ver\u00eddica, sin omitir datos que deber\u00eda contener.'  id='choice_1_27_1'   \/>\n\t\t\t\t\t\t\t\t<label for='choice_1_27_1' id='label_1_27_1'>Acepto el <a href=\"#\">Aviso de Privacidad<\/a> y declaro que la informaci\u00f3n consignada en el formulario es ver\u00eddica, sin omitir datos que deber\u00eda contener.<\/label>\n\t\t\t\t\t\t\t<\/li><\/ul><\/div><\/li>\n                            <\/ul><\/div>\n        <div class='gform_footer top_label'> <input type='submit' id='gform_submit_button_1' class='gform_button button' value='Enviar'  onclick='if(window[\"gf_submitting_1\"]){return false;}  window[\"gf_submitting_1\"]=true;  ' onkeypress='if( event.keyCode == 13 ){ if(window[\"gf_submitting_1\"]){return false;} window[\"gf_submitting_1\"]=true;  jQuery(\"#gform_1\").trigger(\"submit\",[true]); }' \/> <input type='hidden' name='gform_ajax' value='form_id=1&amp;title=1&amp;description=1&amp;tabindex=0' \/>\n            <input type='hidden' class='gform_hidden' name='is_submit_1' value='1' \/>\n            <input type='hidden' class='gform_hidden' name='gform_submit' value='1' \/>\n            \n            <input type='hidden' class='gform_hidden' name='gform_unique_id' value='' \/>\n            <input type='hidden' class='gform_hidden' name='state_1' value='WyJbXSIsIjU2ZWEyM2QyODk0MGJiMWE1MDBhODhkNmM1ZDcyN2UzIl0=' \/>\n            <input type='hidden' class='gform_hidden' name='gform_target_page_number_1' id='gform_target_page_number_1' value='0' \/>\n            <input type='hidden' class='gform_hidden' name='gform_source_page_number_1' id='gform_source_page_number_1' value='1' \/>\n            <input type='hidden' name='gform_field_values' value='' \/>\n            \n        <\/div>\n                        <\/form>\n                        <\/div>\n                <iframe style='display:none;width:0px;height:0px;' src='about:blank' name='gform_ajax_frame_1' id='gform_ajax_frame_1'>Este iframe contiene la l\u00f3gica necesaria para gestionar formularios con ajax activado.<\/iframe>\n                <script type='text\/javascript'>jQuery(document).ready(function($){gformInitSpinner( 1, 'https:\/\/ademinsa.com\/aulavirtual\/wp-content\/plugins\/gravityforms\/images\/spinner.gif' );jQuery('#gform_ajax_frame_1').on('load',function(){var contents = jQuery(this).contents().find('*').html();var is_postback = contents.indexOf('GF_AJAX_POSTBACK') >= 0;if(!is_postback){return;}var form_content = jQuery(this).contents().find('#gform_wrapper_1');var is_confirmation = jQuery(this).contents().find('#gform_confirmation_wrapper_1').length > 0;var is_redirect = contents.indexOf('gformRedirect(){') >= 0;var is_form = form_content.length > 0 && ! is_redirect && ! is_confirmation;var mt = parseInt(jQuery('html').css('margin-top'), 10) + parseInt(jQuery('body').css('margin-top'), 10) + 100;if(is_form){jQuery('#gform_wrapper_1').html(form_content.html());if(form_content.hasClass('gform_validation_error')){jQuery('#gform_wrapper_1').addClass('gform_validation_error');} else {jQuery('#gform_wrapper_1').removeClass('gform_validation_error');}setTimeout( function() { \/* delay the scroll by 50 milliseconds to fix a bug in chrome *\/ jQuery(document).scrollTop(jQuery('#gform_wrapper_1').offset().top - mt); }, 50 );if(window['gformInitDatepicker']) {gformInitDatepicker();}if(window['gformInitPriceFields']) {gformInitPriceFields();}var current_page = jQuery('#gform_source_page_number_1').val();gformInitSpinner( 1, 'https:\/\/ademinsa.com\/aulavirtual\/wp-content\/plugins\/gravityforms\/images\/spinner.gif' );jQuery(document).trigger('gform_page_loaded', [1, current_page]);window['gf_submitting_1'] = false;}else if(!is_redirect){var confirmation_content = jQuery(this).contents().find('.GF_AJAX_POSTBACK').html();if(!confirmation_content){confirmation_content = contents;}setTimeout(function(){jQuery('#gform_wrapper_1').replaceWith(confirmation_content);jQuery(document).scrollTop(jQuery('#gf_1').offset().top - mt);jQuery(document).trigger('gform_confirmation_loaded', [1]);window['gf_submitting_1'] = false;}, 50);}else{jQuery('#gform_1').append(contents);if(window['gformRedirect']) {gformRedirect();}}jQuery(document).trigger('gform_post_render', [1, current_page]);} );} );<\/script><script type='text\/javascript'> jQuery(document).bind('gform_post_render', function(event, formId, currentPage){if(formId == 1) {} } );jQuery(document).bind('gform_post_conditional_logic', function(event, formId, fields, isInit){} );<\/script><script type='text\/javascript'> jQuery(document).ready(function(){jQuery(document).trigger('gform_post_render', [1, 1]) } ); <\/script>\n","protected":false},"excerpt":{"rendered":"","protected":false},"author":2,"featured_media":0,"parent":0,"menu_order":0,"comment_status":"closed","ping_status":"closed","template":"","meta":{"pmpro_default_level":0,"_expiration-date-status":"","_expiration-date":0,"_expiration-date-type":"","_expiration-date-categories":[],"_expiration-date-options":[],"footnotes":""},"_links":{"self":[{"href":"https:\/\/ademinsa.com\/aulavirtual\/wp-json\/wp\/v2\/pages\/1551"}],"collection":[{"href":"https:\/\/ademinsa.com\/aulavirtual\/wp-json\/wp\/v2\/pages"}],"about":[{"href":"https:\/\/ademinsa.com\/aulavirtual\/wp-json\/wp\/v2\/types\/page"}],"author":[{"embeddable":true,"href":"https:\/\/ademinsa.com\/aulavirtual\/wp-json\/wp\/v2\/users\/2"}],"replies":[{"embeddable":true,"href":"https:\/\/ademinsa.com\/aulavirtual\/wp-json\/wp\/v2\/comments?post=1551"}],"version-history":[{"count":2,"href":"https:\/\/ademinsa.com\/aulavirtual\/wp-json\/wp\/v2\/pages\/1551\/revisions"}],"predecessor-version":[{"id":1837,"href":"https:\/\/ademinsa.com\/aulavirtual\/wp-json\/wp\/v2\/pages\/1551\/revisions\/1837"}],"wp:attachment":[{"href":"https:\/\/ademinsa.com\/aulavirtual\/wp-json\/wp\/v2\/media?parent=1551"}],"curies":[{"name":"wp","href":"https:\/\/api.w.org\/{rel}","templated":true}]}}