{"id":613,"date":"2019-02-12T09:16:59","date_gmt":"2019-02-12T09:16:59","guid":{"rendered":"http:\/\/concerned-coyote.w5.wpsandbox.pro\/?page_id=613"},"modified":"2020-06-12T17:29:00","modified_gmt":"2020-06-12T22:29:00","slug":"nosotros","status":"publish","type":"page","link":"https:\/\/ademinsa.com\/aulavirtual\/nosotros\/","title":{"rendered":"Nosotros"},"content":{"rendered":"\t\t<div data-elementor-type=\"wp-post\" data-elementor-id=\"613\" class=\"elementor elementor-613\" data-elementor-settings=\"[]\">\n\t\t\t\t\t\t<div class=\"elementor-inner\">\n\t\t\t\t\t\t\t<div class=\"elementor-section-wrap\">\n\t\t\t\t\t\t\t<section class=\"elementor-section elementor-top-section elementor-element elementor-element-36d58428 elementor-section-content-middle elementor-section-boxed elementor-section-height-default elementor-section-height-default\" data-id=\"36d58428\" data-element_type=\"section\" data-settings=\"{&quot;background_background&quot;:&quot;classic&quot;}\">\n\t\t\t\t\t\t<div class=\"elementor-container elementor-column-gap-default\">\n\t\t\t\t\t\t\t<div class=\"elementor-row\">\n\t\t\t\t\t<div class=\"elementor-column elementor-col-50 elementor-top-column elementor-element elementor-element-13913e5d\" data-id=\"13913e5d\" data-element_type=\"column\">\n\t\t\t<div class=\"elementor-column-wrap elementor-element-populated\">\n\t\t\t\t\t\t\t<div class=\"elementor-widget-wrap\">\n\t\t\t\t\t\t<div class=\"elementor-element elementor-element-ae8cf66 elementor-aspect-ratio-169 elementor-widget elementor-widget-video\" data-id=\"ae8cf66\" data-element_type=\"widget\" data-settings=\"{&quot;youtube_url&quot;:&quot;https:\\\/\\\/www.youtube.com\\\/watch?v=XHOmBV4js_E&quot;,&quot;video_type&quot;:&quot;youtube&quot;,&quot;controls&quot;:&quot;yes&quot;,&quot;aspect_ratio&quot;:&quot;169&quot;}\" data-widget_type=\"video.default\">\n\t\t\t\t<div class=\"elementor-widget-container\">\n\t\t\t\t\t<div class=\"elementor-wrapper elementor-fit-aspect-ratio elementor-open-inline\">\n\t\t\t<div class=\"elementor-video\"><\/div>\t\t<\/div>\n\t\t\t\t<\/div>\n\t\t\t\t<\/div>\n\t\t\t\t\t\t<\/div>\n\t\t\t\t\t<\/div>\n\t\t<\/div>\n\t\t\t\t<div class=\"elementor-column elementor-col-50 elementor-top-column elementor-element elementor-element-742f8c24\" data-id=\"742f8c24\" data-element_type=\"column\">\n\t\t\t<div class=\"elementor-column-wrap elementor-element-populated\">\n\t\t\t\t\t\t\t<div class=\"elementor-widget-wrap\">\n\t\t\t\t\t\t<div class=\"elementor-element elementor-element-b69babb elementor-widget elementor-widget-heading\" data-id=\"b69babb\" data-element_type=\"widget\" data-widget_type=\"heading.default\">\n\t\t\t\t<div class=\"elementor-widget-container\">\n\t\t\t<h4 class=\"elementor-heading-title elementor-size-default\">Clases On line<\/h4>\t\t<\/div>\n\t\t\t\t<\/div>\n\t\t\t\t<div class=\"elementor-element elementor-element-2769737 elementor-widget elementor-widget-heading\" data-id=\"2769737\" data-element_type=\"widget\" data-widget_type=\"heading.default\">\n\t\t\t\t<div class=\"elementor-widget-container\">\n\t\t\t<h2 class=\"elementor-heading-title elementor-size-default\">Por qu\u00e9 estudiar con nosotros<\/h2>\t\t<\/div>\n\t\t\t\t<\/div>\n\t\t\t\t<div class=\"elementor-element elementor-element-5e752d98 elementor-widget elementor-widget-text-editor\" data-id=\"5e752d98\" data-element_type=\"widget\" data-widget_type=\"text-editor.default\">\n\t\t\t\t<div class=\"elementor-widget-container\">\n\t\t\t\t\t\t\t\t<div class=\"elementor-text-editor elementor-clearfix\">\n\t\t\t\t<p>Estudiar con ADEMINSA GROUP presenta numerosas ventajas, tanto para alumnos nacionales como para alumnos extranjeros, y tanto en la versi\u00f3n presencial como en la versi\u00f3n on-line.<\/p><p>ADEMINSA GROUP tiene desarrollado su propio material de estudio, sirvi\u00e9ndole al alumno como material de consulta, una vez concluida la acci\u00f3n formativa.<\/p><p>El contar con material de estudio propio le representa al alumno una econom\u00eda de esfuerzos, al encontrar concentrado en cada M\u00f3dulo el conjunto de temas que precisa conocer en ese campo.<\/p><p>La capacitaci\u00f3n la brinda personal certificado ASNT nivel III, que es altamente especializado en entrenamiento de personal y utiliza metodolog\u00eda de ense\u00f1anza adecuado para una mejor comprensi\u00f3n por parte de los alumnos.<\/p><p>Adem\u00e1s, contamos con 36 a\u00f1os en el mercado de los servicios de mantenimiento lo cual nos permite compartir con los alumnos las experiencias en campo y que les servir\u00e1 para poder resolver problemas cotidianos que se presentan al momento de realizar las inspecciones.<\/p>\t\t\t\t\t<\/div>\n\t\t\t\t\t\t<\/div>\n\t\t\t\t<\/div>\n\t\t\t\t\t\t<\/div>\n\t\t\t\t\t<\/div>\n\t\t<\/div>\n\t\t\t\t\t\t\t\t<\/div>\n\t\t\t\t\t<\/div>\n\t\t<\/section>\n\t\t\t\t\t\t<\/div>\n\t\t\t\t\t\t<\/div>\n\t\t\t\t\t<\/div>\n\t\t","protected":false},"excerpt":{"rendered":"<p>Clases On line Por qu\u00e9 estudiar con nosotros Estudiar con ADEMINSA GROUP presenta numerosas ventajas, tanto para alumnos nacionales como para alumnos extranjeros, y tanto en la versi\u00f3n presencial como en la versi\u00f3n on-line. ADEMINSA GROUP tiene desarrollado su propio material de estudio, sirvi\u00e9ndole al alumno como material de consulta, una vez concluida la acci\u00f3n &hellip;<\/p>\n<p class=\"read-more\"> <a class=\"\" href=\"https:\/\/ademinsa.com\/aulavirtual\/nosotros\/\"> <span class=\"screen-reader-text\">Nosotros<\/span> Leer m\u00e1s &raquo;<\/a><\/p>\n","protected":false},"author":2,"featured_media":0,"parent":0,"menu_order":0,"comment_status":"closed","ping_status":"closed","template":"","meta":{"pmpro_default_level":0,"_expiration-date-status":"","_expiration-date":0,"_expiration-date-type":"","_expiration-date-categories":[],"_expiration-date-options":[],"footnotes":""},"_links":{"self":[{"href":"https:\/\/ademinsa.com\/aulavirtual\/wp-json\/wp\/v2\/pages\/613"}],"collection":[{"href":"https:\/\/ademinsa.com\/aulavirtual\/wp-json\/wp\/v2\/pages"}],"about":[{"href":"https:\/\/ademinsa.com\/aulavirtual\/wp-json\/wp\/v2\/types\/page"}],"author":[{"embeddable":true,"href":"https:\/\/ademinsa.com\/aulavirtual\/wp-json\/wp\/v2\/users\/2"}],"replies":[{"embeddable":true,"href":"https:\/\/ademinsa.com\/aulavirtual\/wp-json\/wp\/v2\/comments?post=613"}],"version-history":[{"count":12,"href":"https:\/\/ademinsa.com\/aulavirtual\/wp-json\/wp\/v2\/pages\/613\/revisions"}],"predecessor-version":[{"id":1965,"href":"https:\/\/ademinsa.com\/aulavirtual\/wp-json\/wp\/v2\/pages\/613\/revisions\/1965"}],"wp:attachment":[{"href":"https:\/\/ademinsa.com\/aulavirtual\/wp-json\/wp\/v2\/media?parent=613"}],"curies":[{"name":"wp","href":"https:\/\/api.w.org\/{rel}","templated":true}]}}