{"id":2056,"date":"2020-07-14T19:55:11","date_gmt":"2020-07-15T00:55:11","guid":{"rendered":"https:\/\/ademinsa.com\/aulavirtual\/producto\/alineamiento-de-maquinas\/"},"modified":"2026-02-23T09:03:54","modified_gmt":"2026-02-23T14:03:54","slug":"alineamiento-de-maquinas","status":"publish","type":"product","link":"https:\/\/ademinsa.com\/aulavirtual\/producto\/alineamiento-de-maquinas\/","title":{"rendered":"ALINEAMIENTO DE MAQUINAS"},"content":{"rendered":"<p><strong>Objetivo:<\/strong><\/p>\n<p>Capacitar al personal t\u00e9cnico en las diversas t\u00e9cnicas de Alineamiento de M\u00e1quinas, as\u00ed como en identificaci\u00f3n\/ correcci\u00f3n de las limitaciones que afectan el alineamiento (soffoot, Run &#8211; Out, tensi\u00f3n de tuber\u00edas, etc). Dentro de las t\u00e9cnicas se encuentran los relojes comparadores y los sistemas l\u00e1ser.<\/p>\n<p><strong>Dirigido a :<\/strong><\/p>\n<p>Profesionales y t\u00e9cnicos de las \u00e1reas de mantenimiento, inspecci\u00f3n, ingenier\u00eda, montaje, proyectos, etc; que tengan a su responsabilidad el optimo montaje y alineamiento de las m\u00e1quinas, lo cual permitir\u00e1 extender la vida \u00fatil de los componentes de las mismas y reducir los consumos de energ\u00eda.<\/p>\n","protected":false},"excerpt":{"rendered":"<h5><strong>ALINEAMIENTO DE M\u00c1QUINAS<\/strong><\/h5>\n<h5><strong>Fecha: Del 23 al 25 de febrero de 2022<\/strong><strong><br \/>\n<\/strong><strong>Expositor: Ing. Alan Barboza<\/strong><\/h5>\n<h5><strong>Lugar: V\u00eda on line mediante zoom pro<br \/>\nHora: De\u00a0<\/strong><strong>17:00 a 21:00 p.m. (Hora Peruana)<\/strong><\/h5>\n<h5><strong>Incluye: Certificado de participaci\u00f3n a nombre de Ademinsa y Easy Laser (Suecia)<\/strong><\/h5>\n<p>&nbsp;<\/p>\n<p><a href=\"https:\/\/ademinsa.com\/aulavirtual\/wp-content\/uploads\/2020\/07\/CONTENIDO-DE-ALINEAMIENTO-DE-MAQUINAS.pdf\"><img decoding=\"async\" src=\"https:\/\/ademinsa.com\/aulavirtual\/wp-content\/uploads\/2020\/05\/pdficon.jpg\" \/><\/a><\/p>\n<p><a href=\"https:\/\/ademinsa.com\/aulavirtual\/wp-content\/uploads\/2020\/07\/CONTENIDO-DE-ALINEAMIENTO-DE-MAQUINAS.pdf\">https:\/\/ademinsa.com\/aulavirtual\/wp-content\/uploads\/2020\/07\/CONTENIDO-DE-ALINEAMIENTO-DE-MAQUINAS.pdf<\/a><\/p>\n[awsmteam id=\"2061\"]\n<p>&nbsp;<\/p>\n","protected":false},"featured_media":2273,"template":"","meta":{"pmpro_default_level":0,"_expiration-date-status":"","_expiration-date":0,"_expiration-date-type":"","_expiration-date-categories":[],"_expiration-date-options":[]},"product_cat":[36],"product_tag":[],"_links":{"self":[{"href":"https:\/\/ademinsa.com\/aulavirtual\/wp-json\/wp\/v2\/product\/2056"}],"collection":[{"href":"https:\/\/ademinsa.com\/aulavirtual\/wp-json\/wp\/v2\/product"}],"about":[{"href":"https:\/\/ademinsa.com\/aulavirtual\/wp-json\/wp\/v2\/types\/product"}],"version-history":[{"count":4,"href":"https:\/\/ademinsa.com\/aulavirtual\/wp-json\/wp\/v2\/product\/2056\/revisions"}],"predecessor-version":[{"id":2278,"href":"https:\/\/ademinsa.com\/aulavirtual\/wp-json\/wp\/v2\/product\/2056\/revisions\/2278"}],"wp:featuredmedia":[{"embeddable":true,"href":"https:\/\/ademinsa.com\/aulavirtual\/wp-json\/wp\/v2\/media\/2273"}],"wp:attachment":[{"href":"https:\/\/ademinsa.com\/aulavirtual\/wp-json\/wp\/v2\/media?parent=2056"}],"wp:term":[{"taxonomy":"product_cat","embeddable":true,"href":"https:\/\/ademinsa.com\/aulavirtual\/wp-json\/wp\/v2\/product_cat?post=2056"},{"taxonomy":"product_tag","embeddable":true,"href":"https:\/\/ademinsa.com\/aulavirtual\/wp-json\/wp\/v2\/product_tag?post=2056"}],"curies":[{"name":"wp","href":"https:\/\/api.w.org\/{rel}","templated":true}]}}