{"id":2068,"date":"2020-07-15T19:04:36","date_gmt":"2020-07-16T00:04:36","guid":{"rendered":"https:\/\/ademinsa.com\/aulavirtual\/producto\/ultrasonido-nivel-i\/"},"modified":"2022-01-18T14:48:35","modified_gmt":"2022-01-18T19:48:35","slug":"ultrasonido-nivel-i","status":"publish","type":"product","link":"https:\/\/ademinsa.com\/aulavirtual\/producto\/ultrasonido-nivel-i\/","title":{"rendered":"ULTRASONIDO NIVEL I"},"content":{"rendered":"<p><strong><u>Objetivo<\/u><\/strong><strong>: <\/strong>Dar a conocer los principios, t\u00e9cnicas y alcances de las inspecciones por ultrasonido, tanto en los m\u00e9todos de contacto como de inmersi\u00f3n, utilizando haces normales y angulares.<\/p>\n<p>Al t\u00e9rmino del curso, los participantes estar\u00e1n capacitados en la inspecci\u00f3n de piezas y cordones de soldadura, as\u00ed como preparados para el Examen de Certificaci\u00f3n.<\/p>\n<p><strong><u>Dirigido A<\/u><\/strong><strong>: <\/strong>Gerentes, Superintendentes, Jefes de Planta, Ingenieros, Supervisores, Tecn\u00f3logos de Mantenimiento, del \u00e1rea T\u00e9cnica, de Ingenier\u00eda y de Control de Calidad.<\/p>\n","protected":false},"excerpt":{"rendered":"<p><a href=\"https:\/\/ademinsa.com\/aulavirtual\/wp-content\/uploads\/2020\/07\/Invitacion-de-UT-1.pdf\"><img decoding=\"async\" src=\"https:\/\/ademinsa.com\/aulavirtual\/wp-content\/uploads\/2020\/05\/pdficon.jpg\" \/><\/a><\/p>\n<p><a href=\"https:\/\/ademinsa.com\/aulavirtual\/wp-content\/uploads\/2022\/01\/CONTENIDO-CURSO-ULTRASONIDO-I.pdf\">https:\/\/ademinsa.com\/aulavirtual\/wp-content\/uploads\/2022\/01\/CONTENIDO-CURSO-ULTRASONIDO-I.pdf<\/a><\/p>\n[awsmteam id=\"1865\"]\n","protected":false},"featured_media":2260,"template":"","meta":{"pmpro_default_level":0,"_expiration-date-status":"","_expiration-date":0,"_expiration-date-type":"","_expiration-date-categories":[],"_expiration-date-options":[]},"product_cat":[36],"product_tag":[],"_links":{"self":[{"href":"https:\/\/ademinsa.com\/aulavirtual\/wp-json\/wp\/v2\/product\/2068"}],"collection":[{"href":"https:\/\/ademinsa.com\/aulavirtual\/wp-json\/wp\/v2\/product"}],"about":[{"href":"https:\/\/ademinsa.com\/aulavirtual\/wp-json\/wp\/v2\/types\/product"}],"version-history":[{"count":5,"href":"https:\/\/ademinsa.com\/aulavirtual\/wp-json\/wp\/v2\/product\/2068\/revisions"}],"predecessor-version":[{"id":2234,"href":"https:\/\/ademinsa.com\/aulavirtual\/wp-json\/wp\/v2\/product\/2068\/revisions\/2234"}],"wp:featuredmedia":[{"embeddable":true,"href":"https:\/\/ademinsa.com\/aulavirtual\/wp-json\/wp\/v2\/media\/2260"}],"wp:attachment":[{"href":"https:\/\/ademinsa.com\/aulavirtual\/wp-json\/wp\/v2\/media?parent=2068"}],"wp:term":[{"taxonomy":"product_cat","embeddable":true,"href":"https:\/\/ademinsa.com\/aulavirtual\/wp-json\/wp\/v2\/product_cat?post=2068"},{"taxonomy":"product_tag","embeddable":true,"href":"https:\/\/ademinsa.com\/aulavirtual\/wp-json\/wp\/v2\/product_tag?post=2068"}],"curies":[{"name":"wp","href":"https:\/\/api.w.org\/{rel}","templated":true}]}}