{"id":2186,"date":"2021-04-05T08:36:35","date_gmt":"2021-04-05T13:36:35","guid":{"rendered":"https:\/\/ademinsa.com\/aulavirtual\/?post_type=product&#038;p=2186"},"modified":"2022-01-04T17:37:58","modified_gmt":"2022-01-04T22:37:58","slug":"curso-de-ultrasonido","status":"publish","type":"product","link":"https:\/\/ademinsa.com\/aulavirtual\/producto\/curso-de-ultrasonido\/","title":{"rendered":"Curso de Ultrasonido"},"content":{"rendered":"<p>Ingresar al contenido del curso, una vez suscrito<\/p>\n<blockquote class=\"wp-embedded-content\" data-secret=\"YvCzL5cCqc\"><p><a href=\"https:\/\/ademinsa.com\/aulavirtual\/curso-de-ultrasonido\/\">Curso de Ultrasonido<\/a><\/p><\/blockquote>\n<p><iframe class=\"wp-embedded-content\" sandbox=\"allow-scripts\" security=\"restricted\" style=\"position: absolute; clip: rect(1px, 1px, 1px, 1px);\" title=\"\u00abCurso de Ultrasonido\u00bb \u2014 Ademinsac - Aula Virtual\" src=\"https:\/\/ademinsa.com\/aulavirtual\/curso-de-ultrasonido\/embed\/#?secret=5kh732e8Wm#?secret=YvCzL5cCqc\" data-secret=\"YvCzL5cCqc\" width=\"500\" height=\"282\" frameborder=\"0\" marginwidth=\"0\" marginheight=\"0\" scrolling=\"no\"><\/iframe><\/p>\n<p>&nbsp;<\/p>\n<p>&nbsp;<\/p>\n<p>&nbsp;<\/p>\n<p>&nbsp;<\/p>\n<p>&nbsp;<\/p>\n<p>&nbsp;<\/p>\n<p>&nbsp;<\/p>\n<p>&nbsp;<\/p>\n<p>&nbsp;<\/p>\n<p>&nbsp;<\/p>\n<p>&nbsp;<\/p>\n<p>&nbsp;<\/p>\n<p>&nbsp;<\/p>\n","protected":false},"excerpt":{"rendered":"<p>ADEMINSA lo invita a participar al Curso de ULTRASONIDO con Examen de Certificaci\u00f3n<\/p>\n<p><strong>Objetivo<\/strong>: Dar a conocer los principios, t\u00e9cnicas y alcances de las inspecciones por ultrasonido, tanto en los m\u00e9todos de contacto como de inmersi\u00f3n, utilizando haces normales y angulares. Al t\u00e9rmino del curso, los participantes estar\u00e1n capacitados en la inspecci\u00f3n de piezas y cordones de soldadura, as\u00ed como preparados para el Examen de Certificaci\u00f3n.<br \/>\nDirigido A: Gerentes, Superintendentes, Jefes de Planta, Ingenieros, Supervisores, Tecn\u00f3logos de Mantenimiento, del \u00e1rea T\u00e9cnica, de Ingenier\u00eda y de Control de Calidad.<\/p>\n<p><strong>CONTENIDOS<\/strong><br \/>\n1.- Principios de Ultrasonido (UT).<br \/>\n2.- Equipos de Ultrasonido.<br \/>\n3.- Modos de recorrido de la Onda Ultras\u00f3nica.<br \/>\n4.- Acopladores y Energ\u00eda de Ultrasonido.<br \/>\n5.- Atenuaci\u00f3n, Impedancia Ac\u00fastica y Resonancia.<br \/>\n6.- Visualizaci\u00f3n de Indicaciones Ultras\u00f3nicas<br \/>\n7.- Transductores UT Bloques de Referencia<br \/>\n8.- Inspecci\u00f3n por Inmersi\u00f3n.<br \/>\n9.- Pruebas de Contacto de UT.<br \/>\n10.- Aplicaciones de las Pruebas de Contacto.<br \/>\n11.- Indicaciones no Relevantes.<br \/>\n12.- Tipos de Discontinuidades.<br \/>\n13.- Identificaci\u00f3n de Discontinuidades.<br \/>\n14.- Calificaci\u00f3n y Certificaci\u00f3n.<\/p>\n<p>EL CURSO INCLUYE EL DERECHO AL EXAMEN PARA CERTIFICARSE COMO NIVEL I \u00f3 II SEG\u00daN LA PRACTICA RECOMENDADA SNT \u2013 TC \u2013 1A<\/p>\n[awsmteam id=\"1913\"]\n<p>&nbsp;<\/p>\n<p>&nbsp;<\/p>\n<p>&nbsp;<\/p>\n<p>&nbsp;<\/p>\n","protected":false},"featured_media":2187,"template":"","meta":{"pmpro_default_level":0,"_expiration-date-status":"saved","_expiration-date":0,"_expiration-date-type":"","_expiration-date-categories":null,"_expiration-date-options":{"expireType":"","category":[""],"id":2186}},"product_cat":[55],"product_tag":[],"_links":{"self":[{"href":"https:\/\/ademinsa.com\/aulavirtual\/wp-json\/wp\/v2\/product\/2186"}],"collection":[{"href":"https:\/\/ademinsa.com\/aulavirtual\/wp-json\/wp\/v2\/product"}],"about":[{"href":"https:\/\/ademinsa.com\/aulavirtual\/wp-json\/wp\/v2\/types\/product"}],"version-history":[{"count":8,"href":"https:\/\/ademinsa.com\/aulavirtual\/wp-json\/wp\/v2\/product\/2186\/revisions"}],"predecessor-version":[{"id":2189,"href":"https:\/\/ademinsa.com\/aulavirtual\/wp-json\/wp\/v2\/product\/2186\/revisions\/2189"}],"wp:featuredmedia":[{"embeddable":true,"href":"https:\/\/ademinsa.com\/aulavirtual\/wp-json\/wp\/v2\/media\/2187"}],"wp:attachment":[{"href":"https:\/\/ademinsa.com\/aulavirtual\/wp-json\/wp\/v2\/media?parent=2186"}],"wp:term":[{"taxonomy":"product_cat","embeddable":true,"href":"https:\/\/ademinsa.com\/aulavirtual\/wp-json\/wp\/v2\/product_cat?post=2186"},{"taxonomy":"product_tag","embeddable":true,"href":"https:\/\/ademinsa.com\/aulavirtual\/wp-json\/wp\/v2\/product_tag?post=2186"}],"curies":[{"name":"wp","href":"https:\/\/api.w.org\/{rel}","templated":true}]}}