{"id":2209,"date":"2021-10-20T11:21:33","date_gmt":"2021-10-20T16:21:33","guid":{"rendered":"https:\/\/ademinsa.com\/aulavirtual\/?post_type=product&#038;p=2209"},"modified":"2025-06-23T13:44:48","modified_gmt":"2025-06-23T18:44:48","slug":"curso-y-examen-oficial-cwi-aws","status":"publish","type":"product","link":"https:\/\/ademinsa.com\/aulavirtual\/producto\/curso-y-examen-oficial-cwi-aws\/","title":{"rendered":"CURSO y EXAMEN OFICIAL CWI &#8211; AWS"},"content":{"rendered":"<p><b>Ser Inspector de Soldadura Certificado por la AWS (Certified Welding Inspector, o CWI, por sus siglas en ingl\u00e9s) implica tener gran responsabilidad y demostrar extraordinarias habilidades, lo que puede conducir a una carrera muy gratificante. El CWI es ampliamente reconocido a nivel mundial, y las m\u00e1s grandes y exitosas compa\u00f1\u00edas conf\u00edan en la certificaci\u00f3n de la AWS cuando deben garantizar que las obras tengan el mayor nivel de calidad posible. Al hacerse Inspector de Soldadura Certificado por la AWS estar\u00e1s entrando en una carrera lucrativa y satisfactoria. Ser CWI te llevar\u00e1 por un camino prometedor en todos los niveles.<\/b><\/p>\n","protected":false},"excerpt":{"rendered":"<p><strong>CURSO M\u00c1S EXAMEN CWI &#8211; AWS<\/strong><\/p>\n<p><strong>Fecha: Del 07 al 17 de julio parte te\u00f3rica, pr\u00e1ctica viernes 18 de julio de manera presencial en nuestras instalaciones de Surco, examen de la parte B el 26 de enero, las partes A y C se programar\u00e1n posterior al examen de la parte B.<\/strong><strong><br \/>\n<\/strong><strong>Expositor: Ing. Alberto Reyna Otayza &#8211; SCWI Nro. 13050018<br \/>\nLugar: V\u00eda on line teor\u00eda y presencial la pr\u00e1ctica.<\/strong><\/p>\n<p><strong>Horarios: 17.00 a 21.00 p.m. teor\u00eda y pr\u00e1ctica de 9 a 17.00 p.m.<br \/>\nIncluye:\u00a0Material de estudio digital, certificado de participaci\u00f3n y derecho al examen por la certificaci\u00f3n.<\/strong><\/p>\n<p><strong>NOTA: Los formularios para el examen deber\u00e1n enviar m\u00e1ximo el 10 de junio<\/strong><\/p>\n","protected":false},"featured_media":2210,"template":"","meta":{"pmpro_default_level":0,"_expiration-date-status":"saved","_expiration-date":0,"_expiration-date-type":"","_expiration-date-categories":null,"_expiration-date-options":{"expireType":"","category":[""],"id":2209}},"product_cat":[36],"product_tag":[],"_links":{"self":[{"href":"https:\/\/ademinsa.com\/aulavirtual\/wp-json\/wp\/v2\/product\/2209"}],"collection":[{"href":"https:\/\/ademinsa.com\/aulavirtual\/wp-json\/wp\/v2\/product"}],"about":[{"href":"https:\/\/ademinsa.com\/aulavirtual\/wp-json\/wp\/v2\/types\/product"}],"version-history":[{"count":12,"href":"https:\/\/ademinsa.com\/aulavirtual\/wp-json\/wp\/v2\/product\/2209\/revisions"}],"predecessor-version":[{"id":2344,"href":"https:\/\/ademinsa.com\/aulavirtual\/wp-json\/wp\/v2\/product\/2209\/revisions\/2344"}],"wp:featuredmedia":[{"embeddable":true,"href":"https:\/\/ademinsa.com\/aulavirtual\/wp-json\/wp\/v2\/media\/2210"}],"wp:attachment":[{"href":"https:\/\/ademinsa.com\/aulavirtual\/wp-json\/wp\/v2\/media?parent=2209"}],"wp:term":[{"taxonomy":"product_cat","embeddable":true,"href":"https:\/\/ademinsa.com\/aulavirtual\/wp-json\/wp\/v2\/product_cat?post=2209"},{"taxonomy":"product_tag","embeddable":true,"href":"https:\/\/ademinsa.com\/aulavirtual\/wp-json\/wp\/v2\/product_tag?post=2209"}],"curies":[{"name":"wp","href":"https:\/\/api.w.org\/{rel}","templated":true}]}}