{"id":2387,"date":"2026-04-14T15:40:18","date_gmt":"2026-04-14T20:40:18","guid":{"rendered":"https:\/\/ademinsa.com\/aulavirtual\/?post_type=product&#038;p=2387"},"modified":"2026-04-14T15:40:18","modified_gmt":"2026-04-14T20:40:18","slug":"inspeccion-visual-nivel-i-y-ii-2","status":"publish","type":"product","link":"https:\/\/ademinsa.com\/aulavirtual\/producto\/inspeccion-visual-nivel-i-y-ii-2\/","title":{"rendered":"INSPECCI\u00d3N VISUAL NIVEL I Y II"},"content":{"rendered":"<p><strong>Objetivos: <\/strong>Familiarizar a los inspectores en las t\u00e9cnicas de inspecci\u00f3n visual directa y remota en estructuras, uniones soldadas, recipientes, etc. Describir las principales causas de la degradaci\u00f3n de los componentes mec\u00e1nicos: corrosi\u00f3n,\u00a0 fatiga,\u00a0 creep,\u00a0 erosi\u00f3n, abrasi\u00f3n, etc. Dar a conocer las principales normas y est\u00e1ndares para determinar la aceptaci\u00f3n \/ rechazo de las discontinuidades.<\/p>\n<p><strong>Dirigido a :<\/strong><\/p>\n<p>Gerentes de Planta y Mantenimiento, Jefes de Mantenimiento, Ingenieros y Supervisores de Mantenimiento, T\u00e9cnicos Mec\u00e1nicos y El\u00e9ctricos, Inspectores de Mantenimiento.<\/p>\n","protected":false},"excerpt":{"rendered":"<p>El curso de Inspecci\u00f3n Visual (VT) Nivel I-II como t\u00e9cnica de Ensayos No Destructivos (END) capacita al inspector para\u00a0detectar e indicar discontinuidades en superficies u objetos inspeccionados al detalle.<\/p>\n<p><a href=\"https:\/\/ademinsa.com\/aulavirtual\/wp-content\/uploads\/2020\/06\/INSPECCION-VISUAL-Nivel-I-II-ON-LINE.pdf\"><img decoding=\"async\" src=\"https:\/\/ademinsa.com\/aulavirtual\/wp-content\/uploads\/2020\/05\/pdficon.jpg\" \/><\/a><\/p>\n[zoom_api_link meeting_id=\"96907702839\" link_only=\"no\"]\n[awsmteam id=\"1865\"]\n","protected":false},"featured_media":2282,"template":"","meta":{"pmpro_default_level":0,"_expiration-date-status":"","_expiration-date":0,"_expiration-date-type":"","_expiration-date-categories":[],"_expiration-date-options":[]},"product_cat":[36],"product_tag":[],"_links":{"self":[{"href":"https:\/\/ademinsa.com\/aulavirtual\/wp-json\/wp\/v2\/product\/2387"}],"collection":[{"href":"https:\/\/ademinsa.com\/aulavirtual\/wp-json\/wp\/v2\/product"}],"about":[{"href":"https:\/\/ademinsa.com\/aulavirtual\/wp-json\/wp\/v2\/types\/product"}],"version-history":[{"count":1,"href":"https:\/\/ademinsa.com\/aulavirtual\/wp-json\/wp\/v2\/product\/2387\/revisions"}],"predecessor-version":[{"id":2388,"href":"https:\/\/ademinsa.com\/aulavirtual\/wp-json\/wp\/v2\/product\/2387\/revisions\/2388"}],"wp:featuredmedia":[{"embeddable":true,"href":"https:\/\/ademinsa.com\/aulavirtual\/wp-json\/wp\/v2\/media\/2282"}],"wp:attachment":[{"href":"https:\/\/ademinsa.com\/aulavirtual\/wp-json\/wp\/v2\/media?parent=2387"}],"wp:term":[{"taxonomy":"product_cat","embeddable":true,"href":"https:\/\/ademinsa.com\/aulavirtual\/wp-json\/wp\/v2\/product_cat?post=2387"},{"taxonomy":"product_tag","embeddable":true,"href":"https:\/\/ademinsa.com\/aulavirtual\/wp-json\/wp\/v2\/product_tag?post=2387"}],"curies":[{"name":"wp","href":"https:\/\/api.w.org\/{rel}","templated":true}]}}