{"id":14381,"date":"2025-04-02T09:30:12","date_gmt":"2025-04-02T07:30:12","guid":{"rendered":"https:\/\/ademinsa.websperu.online\/?page_id=14381"},"modified":"2025-10-05T08:59:18","modified_gmt":"2025-10-05T06:59:18","slug":"curso-de-fluidos-lube-control-de-la-contaminacion-y-tribologia-aplicada","status":"publish","type":"page","link":"https:\/\/ademinsa.com\/temp\/curso-de-fluidos-lube-control-de-la-contaminacion-y-tribologia-aplicada\/","title":{"rendered":"CURSO DE FLUIDOS LUBE CONTROL DE LA CONTAMINACION Y TRIBOLOGIA APLICADA"},"content":{"rendered":"\t\t<div data-elementor-type=\"wp-page\" data-elementor-id=\"14381\" class=\"elementor elementor-14381\" data-elementor-settings=\"{&quot;ha_cmc_init_switcher&quot;:&quot;no&quot;}\" data-elementor-post-type=\"page\">\n\t\t\t\t\t\t<section class=\"elementor-section elementor-top-section elementor-element elementor-element-4aceb0b elementor-section-boxed elementor-section-height-default elementor-section-height-default\" data-id=\"4aceb0b\" data-element_type=\"section\" data-settings=\"{&quot;_ha_eqh_enable&quot;:false}\">\n\t\t\t\t\t\t<div class=\"elementor-container elementor-column-gap-default\">\n\t\t\t\t\t<div class=\"elementor-column elementor-col-100 elementor-top-column elementor-element elementor-element-929bae0 top column-style-top\" data-id=\"929bae0\" data-element_type=\"column\">\n\t\t\t<div class=\"elementor-widget-wrap elementor-element-populated\">\n\t\t\t\t\t\t<div class=\"elementor-element elementor-element-eb3cf6e elementor-widget elementor-widget-html\" data-id=\"eb3cf6e\" data-element_type=\"widget\" data-widget_type=\"html.default\">\n\t\t\t\t<div class=\"elementor-widget-container\">\n\t\t\t\t\t<style>\r\n  \/* ===== Encapsulado: SOLO afecta a .avib ===== *\/\r\n  .avib{\r\n    --brand:#d32f2f;\r\n    --brand-600:#b71c1c;\r\n    --ink:#1f2937;\r\n    --text:#374151;\r\n    --bg:#f7f7f8;\r\n    --card:#ffffff;\r\n    --line:#e5e7eb;\r\n  }\r\n\r\n  .avib .avib-card{\r\n    max-width: 980px;\r\n    margin: 40px auto;\r\n    background: var(--card);\r\n    border: 1px solid var(--line);\r\n    border-radius: 14px;\r\n    box-shadow: 0 10px 24px rgba(0,0,0,.06);\r\n    padding: 28px;\r\n    position: relative;\r\n  }\r\n  .avib .avib-card::before{\r\n    content:\"\";\r\n    display:block;\r\n    height:6px;\r\n    position:absolute;\r\n    left:0; right:0; top:0;\r\n    border-radius:14px 14px 0 0;\r\n    background: linear-gradient(90deg, var(--brand), var(--brand-600));\r\n  }\r\n  .avib .avib-content{ max-width: 760px; margin: 0 auto; }\r\n\r\n  .avib h2{\r\n    margin: 32px 0 12px;\r\n    color: var(--ink);\r\n    font-size: 1.6rem;\r\n    line-height:1.25;\r\n    text-align: center;\r\n    position:relative;\r\n    padding: 0 12px 10px;\r\n  }\r\n  .avib h2:first-child{ margin-top: 18px; }\r\n  .avib h2::after{\r\n    content:\"\";\r\n    display:block;\r\n    width: 80px; height: 3px;\r\n    margin: 10px auto 0;\r\n    border-radius: 2px;\r\n    background: var(--brand);\r\n  }\r\n\r\n  .avib h3{\r\n    margin: 22px 0 10px;\r\n    font-size:1.05rem;\r\n    color: var(--ink);\r\n    display:inline-block;\r\n    background: rgba(211,47,47,.08);\r\n    border: 1px solid rgba(211,47,47,.22);\r\n    padding:8px 12px;\r\n    border-radius: 999px;\r\n  }\r\n\r\n  .avib p{\r\n    margin: 0 0 14px;\r\n    line-height: 1.7;\r\n    color: var(--text);\r\n    text-align: left;\r\n  }\r\n\r\n  .avib ul{\r\n    margin: 12px auto 6px;\r\n    padding-left: 0;\r\n    list-style: none;\r\n  }\r\n  .avib ul li{\r\n    position: relative;\r\n    padding-left: 28px;\r\n    margin: 10px 0;\r\n    text-align: left;\r\n  }\r\n  .avib ul li::before{\r\n    content:\"\";\r\n    position:absolute;\r\n    left: 6px; top: 0.95em;\r\n    width: 8px; height: 8px;\r\n    border-radius: 50%;\r\n    background: var(--brand);\r\n    transform: translateY(-50%);\r\n    box-shadow: 0 0 0 3px rgba(211,47,47,.12);\r\n  }\r\n\r\n  @media (max-width: 720px){\r\n    .avib .avib-card{margin:20px 12px; padding:18px}\r\n    .avib h2{font-size:1.35rem}\r\n  }\r\n  @media (max-width: 600px){\r\n    .avib h3{font-size:1rem}\r\n  }\r\n\r\n  .avib .avib-actions{\r\n    display:flex; justify-content:center; margin:24px 0 8px;\r\n  }\r\n  .avib .avib-btn{\r\n    display:inline-block;\r\n    padding:12px 18px;\r\n    border-radius:10px;\r\n    background: linear-gradient(90deg, var(--brand), var(--brand-600));\r\n    color:#fff; text-decoration:none; font-weight:600;\r\n    border:1px solid rgba(0,0,0,.05);\r\n    box-shadow:0 6px 16px rgba(0,0,0,.08);\r\n    transition: transform .12s ease, box-shadow .12s ease, opacity .12s ease;\r\n  }\r\n  .avib .avib-btn:hover{ transform: translateY(-1px); box-shadow:0 10px 24px rgba(0,0,0,.12); }\r\n  .avib .avib-btn:active{ transform: translateY(0); opacity:.9; }\r\n<\/style>\r\n\r\n<section class=\"avib\">\r\n  <div class=\"avib-card\">\r\n    <div class=\"avib-content\">\r\n\r\n      <h2 id=\"titulo-principal\">Curso de Fluidos Lube Control de la Contaminaci\u00f3n y Tribolog\u00eda Aplicada<\/h2>\r\n\r\n      <h2>Contenido del Curso<\/h2>\r\n      <ul id=\"contenido\">\r\n        <li>1. Hidrocarburos y Especificaciones<\/li>\r\n        <li>2. Aceites Base y Paquete de Aditivos<\/li>\r\n        <li>3. Fundamentos de Lubricaci\u00f3n de Maquinaria<\/li>\r\n        <li>4. Conceptos de Desgaste<\/li>\r\n        <li>5. Especificaci\u00f3n de Lubricantes (Aceites)<\/li>\r\n        <li>6. Selecci\u00f3n de Lubricantes (Aceites)<\/li>\r\n        <li>7. Muestreo de Fluidos por Objetivos<\/li>\r\n        <li>8. Inspecci\u00f3n de Aceites en Campo<\/li>\r\n        <li>9. An\u00e1lisis de Aceite \u2013 Monitoreo de Condiciones<\/li>\r\n        <li>10. Control de Contaminaci\u00f3n \u2013 ISO 4406<\/li>\r\n        <li>11. Proyectos de Control de Fricci\u00f3n S\u00f3lida (Proactivo y Correctivo Programado)<\/li>\r\n        <li>12. Proyectos de Control de Fricci\u00f3n L\u00edquida (Aceites y Combustibles)<\/li>\r\n      <\/ul>\r\n\r\n    <\/div>\r\n  <\/div>\r\n\r\n  <div class=\"avib-actions\">\r\n    <a class=\"avib-btn\"\r\n       id=\"cta\"\r\n       href=\"mailto:ademinsa@ademinsa.com?subject=Consulta%20Curso%20de%20Fluidos%20Lube%3A%20Control%20de%20la%20Contaminaci%C3%B3n%20y%20Tribolog%C3%ADa%20Aplicada&body=Hola%2C%20quisiera%20m%C3%A1s%20informaci%C3%B3n%20sobre%20el%20curso%20de%20Fluidos%20Lube%3A%20Control%20de%20la%20Contaminaci%C3%B3n%20y%20Tribolog%C3%ADa%20Aplicada.%0AGracias.\">\r\n      Solicitar informaci\u00f3n\r\n    <\/a>\r\n  <\/div>\r\n<\/section>\r\n\t\t\t\t<\/div>\n\t\t\t\t<\/div>\n\t\t\t\t\t<\/div>\n\t\t<\/div>\n\t\t\t\t\t<\/div>\n\t\t<\/section>\n\t\t\t\t<\/div>\n\t\t","protected":false},"excerpt":{"rendered":"<p>Curso de Fluidos Lube Control de la Contaminaci\u00f3n y Tribolog\u00eda Aplicada Contenido del Curso 1. Hidrocarburos y Especificaciones 2. Aceites Base y Paquete de Aditivos 3. Fundamentos de Lubricaci\u00f3n de Maquinaria 4. Conceptos de Desgaste 5. Especificaci\u00f3n de Lubricantes (Aceites) 6. Selecci\u00f3n de Lubricantes (Aceites) 7. Muestreo de Fluidos por Objetivos 8. Inspecci\u00f3n de Aceites [&hellip;]<\/p>\n","protected":false},"author":1,"featured_media":0,"parent":0,"menu_order":0,"comment_status":"closed","ping_status":"closed","template":"elementor_header_footer","meta":{"_joinchat":[],"footnotes":""},"class_list":["post-14381","page","type-page","status-publish","hentry"],"_links":{"self":[{"href":"https:\/\/ademinsa.com\/temp\/wp-json\/wp\/v2\/pages\/14381","targetHints":{"allow":["GET"]}}],"collection":[{"href":"https:\/\/ademinsa.com\/temp\/wp-json\/wp\/v2\/pages"}],"about":[{"href":"https:\/\/ademinsa.com\/temp\/wp-json\/wp\/v2\/types\/page"}],"author":[{"embeddable":true,"href":"https:\/\/ademinsa.com\/temp\/wp-json\/wp\/v2\/users\/1"}],"replies":[{"embeddable":true,"href":"https:\/\/ademinsa.com\/temp\/wp-json\/wp\/v2\/comments?post=14381"}],"version-history":[{"count":7,"href":"https:\/\/ademinsa.com\/temp\/wp-json\/wp\/v2\/pages\/14381\/revisions"}],"predecessor-version":[{"id":14735,"href":"https:\/\/ademinsa.com\/temp\/wp-json\/wp\/v2\/pages\/14381\/revisions\/14735"}],"wp:attachment":[{"href":"https:\/\/ademinsa.com\/temp\/wp-json\/wp\/v2\/media?parent=14381"}],"curies":[{"name":"wp","href":"https:\/\/api.w.org\/{rel}","templated":true}]}}