{"id":15073,"date":"2025-10-08T01:34:40","date_gmt":"2025-10-07T23:34:40","guid":{"rendered":"https:\/\/ademinsa.com\/temp\/?page_id=15073"},"modified":"2025-10-08T01:49:26","modified_gmt":"2025-10-07T23:49:26","slug":"curso-lubricacion-y-analisis-de-aceite-nivel-i","status":"publish","type":"page","link":"https:\/\/ademinsa.com\/temp\/curso-lubricacion-y-analisis-de-aceite-nivel-i\/","title":{"rendered":"CURSO Lubricaci\u00f3n y Analisis de Aceite &#8211; Nivel I"},"content":{"rendered":"\t\t<div data-elementor-type=\"wp-page\" data-elementor-id=\"15073\" class=\"elementor elementor-15073\" data-elementor-settings=\"{&quot;ha_cmc_init_switcher&quot;:&quot;no&quot;}\" data-elementor-post-type=\"page\">\n\t\t\t\t\t\t<section class=\"elementor-section elementor-top-section elementor-element elementor-element-3b402ad elementor-section-boxed elementor-section-height-default elementor-section-height-default\" data-id=\"3b402ad\" data-element_type=\"section\" data-settings=\"{&quot;_ha_eqh_enable&quot;:false}\">\n\t\t\t\t\t\t<div class=\"elementor-container elementor-column-gap-default\">\n\t\t\t\t\t<div class=\"elementor-column elementor-col-100 elementor-top-column elementor-element elementor-element-ad502de top column-style-top\" data-id=\"ad502de\" data-element_type=\"column\">\n\t\t\t<div class=\"elementor-widget-wrap\">\n\t\t\t\t\t\t\t<\/div>\n\t\t<\/div>\n\t\t\t\t\t<\/div>\n\t\t<\/section>\n\t\t\t\t<section class=\"elementor-section elementor-top-section elementor-element elementor-element-4aceb0b elementor-section-boxed elementor-section-height-default elementor-section-height-default\" data-id=\"4aceb0b\" data-element_type=\"section\" data-settings=\"{&quot;_ha_eqh_enable&quot;:false}\">\n\t\t\t\t\t\t<div class=\"elementor-container elementor-column-gap-default\">\n\t\t\t\t\t<div class=\"elementor-column elementor-col-100 elementor-top-column elementor-element elementor-element-929bae0 top column-style-top\" data-id=\"929bae0\" data-element_type=\"column\">\n\t\t\t<div class=\"elementor-widget-wrap elementor-element-populated\">\n\t\t\t\t\t\t<div class=\"elementor-element elementor-element-eb3cf6e elementor-widget elementor-widget-html\" data-id=\"eb3cf6e\" data-element_type=\"widget\" data-widget_type=\"html.default\">\n\t\t\t\t<div class=\"elementor-widget-container\">\n\t\t\t\t\t<style>\r\n  \/* ===== Encapsulado: SOLO afecta a .avib ===== *\/\r\n  .avib{\r\n    --brand:#d32f2f;\r\n    --brand-600:#b71c1c;\r\n    --ink:#1f2937;\r\n    --text:#374151;\r\n    --bg:#f7f7f8;\r\n    --card:#ffffff;\r\n    --line:#e5e7eb;\r\n  }\r\n\r\n  .avib .avib-card{\r\n    max-width: 980px;\r\n    margin: 40px auto;\r\n    background: var(--card);\r\n    border: 1px solid var(--line);\r\n    border-radius: 14px;\r\n    box-shadow: 0 10px 24px rgba(0,0,0,.06);\r\n    padding: 28px;\r\n    position: relative;\r\n  }\r\n  .avib .avib-card::before{\r\n    content:\"\";\r\n    display:block;\r\n    height:6px;\r\n    position:absolute;\r\n    left:0; right:0; top:0;\r\n    border-radius:14px 14px 0 0;\r\n    background: linear-gradient(90deg, var(--brand), var(--brand-600));\r\n  }\r\n  .avib .avib-content{ max-width: 760px; margin: 0 auto; }\r\n\r\n  .avib h2{\r\n    margin: 32px 0 12px;\r\n    color: var(--ink);\r\n    font-size: 1.6rem;\r\n    line-height:1.25;\r\n    text-align: center;\r\n    position:relative;\r\n    padding: 0 12px 10px;\r\n  }\r\n  .avib h2:first-child{ margin-top: 18px; }\r\n  .avib h2::after{\r\n    content:\"\";\r\n    display:block;\r\n    width: 80px; height: 3px;\r\n    margin: 10px auto 0;\r\n    border-radius: 2px;\r\n    background: var(--brand);\r\n  }\r\n\r\n  .avib h3{\r\n    margin: 22px 0 10px;\r\n    font-size:1.05rem;\r\n    color: var(--ink);\r\n    display:inline-block;\r\n    background: rgba(211,47,47,.08);\r\n    border: 1px solid rgba(211,47,47,.22);\r\n    padding:8px 12px;\r\n    border-radius: 999px;\r\n  }\r\n\r\n  .avib p{\r\n    margin: 0 0 14px;\r\n    line-height: 1.7;\r\n    color: var(--text);\r\n    text-align: left;\r\n  }\r\n\r\n  .avib ul{\r\n    margin: 12px auto 6px;\r\n    padding-left: 0;\r\n    list-style: none;\r\n  }\r\n  .avib ul li{\r\n    position: relative;\r\n    padding-left: 28px;\r\n    margin: 10px 0;\r\n    text-align: left;\r\n  }\r\n  .avib ul li::before{\r\n    content:\"\";\r\n    position:absolute;\r\n    left: 6px; top: 0.95em;\r\n    width: 8px; height: 8px;\r\n    border-radius: 50%;\r\n    background: var(--brand);\r\n    transform: translateY(-50%);\r\n    box-shadow: 0 0 0 3px rgba(211,47,47,.12);\r\n  }\r\n\r\n  @media (max-width: 720px){\r\n    .avib .avib-card{margin:20px 12px; padding:18px}\r\n    .avib h2{font-size:1.35rem}\r\n  }\r\n  @media (max-width: 600px){\r\n    .avib h3{font-size:1rem}\r\n  }\r\n\r\n  .avib .avib-actions{\r\n    display:flex; justify-content:center; margin:24px 0 8px;\r\n  }\r\n  .avib .avib-btn{\r\n    display:inline-block;\r\n    padding:12px 18px;\r\n    border-radius:10px;\r\n    background: linear-gradient(90deg, var(--brand), var(--brand-600));\r\n    color:#fff; text-decoration:none; font-weight:600;\r\n    border:1px solid rgba(0,0,0,.05);\r\n    box-shadow:0 6px 16px rgba(0,0,0,.08);\r\n    transition: transform .12s ease, box-shadow .12s ease, opacity .12s ease;\r\n  }\r\n  .avib .avib-btn:hover{ transform: translateY(-1px); box-shadow:0 10px 24px rgba(0,0,0,.12); }\r\n  .avib .avib-btn:active{ transform: translateY(0); opacity:.9; }\r\n<\/style>\r\n\r\n<section class=\"avib\">\r\n  <div class=\"avib-card\">\r\n    <div class=\"avib-content\">\r\n\r\n      <h2 id=\"titulo-principal\">Lubricaci\u00f3n y An\u00e1lisis de Aceite \u2014 Nivel 1<\/h2>\r\n      <p id=\"intro\">\r\n        Seminario orientado a establecer bases s\u00f3lidas de tribolog\u00eda, buenas pr\u00e1cticas de lubricaci\u00f3n y an\u00e1lisis de aceites para mejorar la confiabilidad de equipos y extender la vida \u00fatil de los activos.\r\n      <\/p>\r\n\r\n      <h2>Objetivo<\/h2>\r\n      <p id=\"objetivo\">\r\n        Capacitar al personal t\u00e9cnico en la correcta selecci\u00f3n, aplicaci\u00f3n, almacenamiento y control de lubricantes; as\u00ed como en los fundamentos del an\u00e1lisis de aceite para la toma de decisiones de mantenimiento.\r\n      <\/p>\r\n\r\n      <h2>Dirigido a<\/h2>\r\n      <p id=\"dirigido\">\r\n        T\u00e9cnicos y operarios de lubricaci\u00f3n, mec\u00e1nicos y el\u00e9ctricos, ingenieros de confiabilidad, personal de producci\u00f3n, gerentes de planta, analistas\/planeadores de mantenimiento y personal de compras y soporte.\r\n      <\/p>\r\n\r\n      <h2>Contenido del Curso<\/h2>\r\n\r\n      <h3>Unidad 1: Introducci\u00f3n<\/h3>\r\n      <ul id=\"u1\">\r\n        <li>Presentaci\u00f3n y objetivos del curso<\/li>\r\n        <li>Certificaciones ICML<\/li>\r\n        <li>Acuerdos y din\u00e1mica<\/li>\r\n      <\/ul>\r\n\r\n      <h3>Unidad 2: Fundamentos y Teor\u00edas de Lubricaci\u00f3n<\/h3>\r\n      <ul id=\"u2\">\r\n        <li>Tribolog\u00eda y funciones del lubricante<\/li>\r\n        <li>Pel\u00edculas lubricantes<\/li>\r\n        <li>Bases lubricantes y aditivos<\/li>\r\n        <li>Viscosidad: clasificaciones e \u00edndice de viscosidad<\/li>\r\n        <li>Grasas lubricantes<\/li>\r\n      <\/ul>\r\n\r\n      <h3>Unidad 3: Selecci\u00f3n de Lubricantes<\/h3>\r\n      <ul id=\"u3\">\r\n        <li>Selecci\u00f3n de viscosidad y aceite base<\/li>\r\n        <li>Paquete de aditivos<\/li>\r\n        <li>Requerimientos por aplicaci\u00f3n y ambiente<\/li>\r\n      <\/ul>\r\n\r\n      <h3>Unidad 4: Lubricaci\u00f3n de Maquinaria<\/h3>\r\n      <ul id=\"u4\">\r\n        <li>Motores de combusti\u00f3n interna<\/li>\r\n        <li>Transmisiones, engranajes y cajas<\/li>\r\n        <li>Sistemas hidr\u00e1ulicos<\/li>\r\n        <li>Cojinetes<\/li>\r\n      <\/ul>\r\n\r\n      <h3>Unidad 5: Aplicaci\u00f3n de Lubricantes<\/h3>\r\n      <ul id=\"u5\">\r\n        <li>C\u00e1lculo de volumen y frecuencias de relubricaci\u00f3n<\/li>\r\n        <li>Uso de aceite vs grasa \u00b7 Lubricaci\u00f3n manual<\/li>\r\n        <li>Sistemas autom\u00e1ticos\/semiautom\u00e1ticos y centralizados<\/li>\r\n      <\/ul>\r\n\r\n      <h3>Unidad 6: Almacenamiento y Administraci\u00f3n<\/h3>\r\n      <ul id=\"u6\">\r\n        <li>Recepci\u00f3n y control de inventarios<\/li>\r\n        <li>Cuartos de lubricaci\u00f3n y contenedores<\/li>\r\n        <li>Herramientas: pistolas de engrase y dispositivos<\/li>\r\n        <li>Higiene y seguridad<\/li>\r\n      <\/ul>\r\n\r\n      <h3>Unidad 7: Estrategias de Mantenimiento<\/h3>\r\n      <ul id=\"u7\">\r\n        <li>Por qu\u00e9 fallan las m\u00e1quinas<\/li>\r\n        <li>Rol de la lubricaci\u00f3n \u00b7 Rutas y programaci\u00f3n<\/li>\r\n        <li>Tecnolog\u00edas y an\u00e1lisis de aceite para eficiencia<\/li>\r\n      <\/ul>\r\n\r\n      <h3>Unidad 8: Control de la Condici\u00f3n de la Lubricaci\u00f3n<\/h3>\r\n      <ul id=\"u8\">\r\n        <li>Contaminantes t\u00edpicos<\/li>\r\n        <li>Filtraci\u00f3n y separaci\u00f3n \u00b7 Selecci\u00f3n de filtros<\/li>\r\n        <li>Identificaci\u00f3n y etiquetado efectivos<\/li>\r\n      <\/ul>\r\n\r\n      <h3>Unidad 9: Introducci\u00f3n al An\u00e1lisis de Aceites<\/h3>\r\n      <ul id=\"u9\">\r\n        <li>Toma de muestras<\/li>\r\n        <li>Monitoreo de salud del lubricante<\/li>\r\n        <li>Detecci\u00f3n de productos inadecuados o mezclas<\/li>\r\n        <li>Pruebas de propiedades del aceite<\/li>\r\n      <\/ul>\r\n\r\n      <p><em>* El contenido puede ajustarse sin previo aviso para optimizar el curso.<\/em><\/p>\r\n\r\n      <h2>Metodolog\u00eda<\/h2>\r\n      <p id=\"metodologia\">\r\n        Fase conceptual dictada por el facilitador, discusi\u00f3n con los asistentes y aplicaci\u00f3n pr\u00e1ctica mediante ejemplos y casos reales en campo de diversas industrias.\r\n      <\/p>\r\n\r\n    <\/div>\r\n  <\/div>\r\n\r\n  <div class=\"avib-actions\">\r\n    <a class=\"avib-btn\"\r\n       id=\"cta\"\r\n       href=\"mailto:ademinsa@ademinsa.com?subject=Consulta%20Lubricaci%C3%B3n%20y%20An%C3%A1lisis%20de%20Aceite%20Nivel%201&body=Hola%2C%20quisiera%20m%C3%A1s%20informaci%C3%B3n%20sobre%20el%20curso%20de%20Lubricaci%C3%B3n%20y%20An%C3%A1lisis%20de%20Aceite%20(Nivel%201).%0AGracias.\">\r\n      Solicitar informaci\u00f3n\r\n    <\/a>\r\n  <\/div>\r\n<\/section>\r\n\t\t\t\t<\/div>\n\t\t\t\t<\/div>\n\t\t\t\t\t<\/div>\n\t\t<\/div>\n\t\t\t\t\t<\/div>\n\t\t<\/section>\n\t\t\t\t<section class=\"elementor-section elementor-top-section elementor-element elementor-element-d7af509 elementor-section-boxed elementor-section-height-default elementor-section-height-default\" data-id=\"d7af509\" data-element_type=\"section\" data-settings=\"{&quot;_ha_eqh_enable&quot;:false}\">\n\t\t\t\t\t\t<div class=\"elementor-container elementor-column-gap-default\">\n\t\t\t\t\t<div class=\"elementor-column elementor-col-100 elementor-top-column elementor-element elementor-element-058ec27 top column-style-top\" data-id=\"058ec27\" data-element_type=\"column\">\n\t\t\t<div class=\"elementor-widget-wrap elementor-element-populated\">\n\t\t\t\t\t\t<div class=\"elementor-element elementor-element-3f65272 elementor-widget__width-inherit elementor-widget elementor-widget-html\" data-id=\"3f65272\" data-element_type=\"widget\" data-widget_type=\"html.default\">\n\t\t\t\t<div class=\"elementor-widget-container\">\n\t\t\t\t\t<style>\r\n  \/* ===== Secci\u00f3n full-bleed (ancho total de la p\u00e1gina) ===== *\/\r\n  .cta-brochure-wrap{\r\n    position: relative;\r\n    left: 50%;\r\n    right: 50%;\r\n    margin-left: -50vw;     \/* hace que se extienda hasta los bordes *\/\r\n    margin-right: -50vw;\r\n    width: 100vw;           \/* ancho de la ventana *\/\r\n    background:#e91d27;\r\n  }\r\n\r\n  \/* ===== Contenido centrado dentro del full-bleed ===== *\/\r\n  .cta-brochure{\r\n    color:#fff;\r\n    width:100%;\r\n    max-width: 1200px;      \/* ancho de contenido *\/\r\n    margin: 0 auto;\r\n    display:flex;\r\n    align-items:center;\r\n    justify-content:space-between;\r\n    gap:24px;\r\n    padding:48px 5vw;\r\n    box-sizing:border-box;\r\n  }\r\n\r\n  .cta-brochure h2{\r\n    margin:0;\r\n    color:#fff;             \/* fuerza blanco aunque el theme intente cambiarlo *\/\r\n    font-size:clamp(24px, 3vw, 42px);\r\n    line-height:1.2;\r\n    font-weight:800;\r\n    letter-spacing:.2px;\r\n  }\r\n\r\n  .cta-brochure .btn{\r\n    display:inline-block;\r\n    background:#000;\r\n    color:#fff;             \/* texto del bot\u00f3n en blanco *\/\r\n    padding:16px 28px;\r\n    border-radius:10px;\r\n    text-decoration:none;\r\n    font-weight:800;\r\n    letter-spacing:.6px;\r\n    text-transform:uppercase;\r\n    transition:transform .2s ease, box-shadow .2s ease, background .2s ease;\r\n    box-shadow:0 10px 24px rgba(0,0,0,.18);\r\n    white-space:nowrap;\r\n  }\r\n  .cta-brochure .btn:hover{\r\n    transform:translateY(-2px);\r\n    background:#111;\r\n    box-shadow:0 14px 28px rgba(0,0,0,.25);\r\n  }\r\n\r\n  @media (max-width: 820px){\r\n    .cta-brochure{flex-direction:column;align-items:flex-start;}\r\n    .cta-brochure .btn{width:100%;text-align:center;}\r\n  }\r\n<\/style>\r\n\r\n<section class=\"cta-brochure-wrap\" role=\"region\" aria-label=\"Descarga de brochure\">\r\n  <div class=\"cta-brochure\">\r\n    <h2>Lee m\u00e1s sobre nosotros en<br>nuestro brochure<\/h2>\r\n\r\n    <a class=\"btn\"\r\n       href=\"https:\/\/ademinsa.com\/temp\/wp-content\/uploads\/2025\/10\/ADEMINSA-BROCHURE-DIGITAL.pdf\"\r\n       type=\"application\/pdf\"\r\n       download=\"Ademinsa-Brochure.pdf\"\r\n       target=\"_blank\" rel=\"noopener\">\r\n       Descargar brochure\r\n    <\/a>\r\n  <\/div>\r\n<\/section>\r\n\t\t\t\t<\/div>\n\t\t\t\t<\/div>\n\t\t\t\t\t<\/div>\n\t\t<\/div>\n\t\t\t\t\t<\/div>\n\t\t<\/section>\n\t\t\t\t<\/div>\n\t\t","protected":false},"excerpt":{"rendered":"<p>Lubricaci\u00f3n y An\u00e1lisis de Aceite \u2014 Nivel 1 Seminario orientado a establecer bases s\u00f3lidas de tribolog\u00eda, buenas pr\u00e1cticas de lubricaci\u00f3n y an\u00e1lisis de aceites para mejorar la confiabilidad de equipos y extender la vida \u00fatil de los activos. Objetivo Capacitar al personal t\u00e9cnico en la correcta selecci\u00f3n, aplicaci\u00f3n, almacenamiento y control de lubricantes; as\u00ed como [&hellip;]<\/p>\n","protected":false},"author":2,"featured_media":0,"parent":0,"menu_order":0,"comment_status":"closed","ping_status":"closed","template":"elementor_header_footer","meta":{"_joinchat":[],"footnotes":""},"class_list":["post-15073","page","type-page","status-publish","hentry"],"_links":{"self":[{"href":"https:\/\/ademinsa.com\/temp\/wp-json\/wp\/v2\/pages\/15073","targetHints":{"allow":["GET"]}}],"collection":[{"href":"https:\/\/ademinsa.com\/temp\/wp-json\/wp\/v2\/pages"}],"about":[{"href":"https:\/\/ademinsa.com\/temp\/wp-json\/wp\/v2\/types\/page"}],"author":[{"embeddable":true,"href":"https:\/\/ademinsa.com\/temp\/wp-json\/wp\/v2\/users\/2"}],"replies":[{"embeddable":true,"href":"https:\/\/ademinsa.com\/temp\/wp-json\/wp\/v2\/comments?post=15073"}],"version-history":[{"count":4,"href":"https:\/\/ademinsa.com\/temp\/wp-json\/wp\/v2\/pages\/15073\/revisions"}],"predecessor-version":[{"id":15078,"href":"https:\/\/ademinsa.com\/temp\/wp-json\/wp\/v2\/pages\/15073\/revisions\/15078"}],"wp:attachment":[{"href":"https:\/\/ademinsa.com\/temp\/wp-json\/wp\/v2\/media?parent=15073"}],"curies":[{"name":"wp","href":"https:\/\/api.w.org\/{rel}","templated":true}]}}